{"id":1572,"date":"2024-05-18T07:45:12","date_gmt":"2024-05-18T00:45:12","guid":{"rendered":"https:\/\/theme.khogiaodienmau.net\/noithat23\/?page_id=1572"},"modified":"2024-05-18T10:35:56","modified_gmt":"2024-05-18T03:35:56","slug":"gioi-thieu","status":"publish","type":"page","link":"https:\/\/theme.khogiaodienmau.net\/noithat23\/gioi-thieu","title":{"rendered":"GI\u1edaI THI\u1ec6U"},"content":{"rendered":"\n  <div class=\"banner has-hover\" id=\"banner-1140267744\">\n          <div class=\"banner-inner fill\">\n        <div class=\"banner-bg fill\" >\n            <img loading=\"lazy\" decoding=\"async\" width=\"1582\" height=\"857\" src=\"https:\/\/theme.khogiaodienmau.net\/noithat23\/wp-content\/uploads\/2024\/05\/in_06QQ2dr.webp\" class=\"bg attachment-2048x2048 size-2048x2048\" alt=\"Trang ch\u1ee7\" \/>                        <div class=\"overlay\"><\/div>            \n                    <\/div>\n\t\t\n        <div class=\"banner-layers container\">\n            <div class=\"fill banner-link\"><\/div>            \n   <div id=\"text-box-1336336701\" class=\"text-box banner-layer x50 md-x50 lg-x50 y50 md-y50 lg-y50 res-text\">\n                                <div class=\"text-box-content text dark\">\n              \n              <div class=\"text-inner text-center\">\n                  \n\t<div id=\"text-3124600390\" class=\"text\">\n\t\t\n<h2 class=\"title\">About Us<\/h2>\n<p class=\"desc\">Ch\u00fang t\u00f4i kh\u00f4ng ch\u1ec9 l\u00e0 \u0111\u1ed3ng nghi\u1ec7p<br \/>TD&amp;Partners l\u00e0 m\u1ed9t gia \u0111\u00ecnh<\/p>\n\t\t\n<style>\n#text-3124600390 {\n  text-align: center;\n}\n<\/style>\n\t<\/div>\n\t\n              <\/div>\n           <\/div>\n                            \n<style>\n#text-box-1336336701 {\n  width: 29%;\n}\n#text-box-1336336701 .text-box-content {\n  font-size: 100%;\n}\n<\/style>\n    <\/div>\n \n        <\/div>\n      <\/div>\n\n            \n<style>\n#banner-1140267744 {\n  padding-top: 50%;\n}\n#banner-1140267744 .overlay {\n  background-color: rgba(0, 0, 0, 0.61);\n}\n<\/style>\n  <\/div>\n\n\n\n\t<section class=\"section css-col\" id=\"section_55092398\">\n\t\t<div class=\"section-bg fill\" >\n\t\t\t\t\t\t\t\t\t\n\t\t\t\n\n\t\t<\/div>\n\n\t\t\n\n\t\t<div class=\"section-content relative\">\n\t\t\t\n\t<div id=\"text-2622218023\" class=\"text\">\n\t\t\n<h3 class=\"title\">S\u1ee9 m\u1ec7nh<\/h3>\n<p class=\"desc\">TD&amp;Partners ho\u1ea1t \u0111\u1ed9ng v\u1edbi s\u1ee9 m\u1ec7nh t\u1ea1o ra c\u00e1c c\u00f4ng tr\u00ecnh<br \/>kh\u00e1c bi\u1ec7t v\u00e0 s\u00e1ng t\u1ea1o th\u1ec3 hi\u1ec7n \u0111\u01b0\u1ee3c phong c\u00e1ch ri\u00eang c\u1ee7a gia ch\u1ee7 v\u1edbi s\u1ef1 chuy\u00ean<br \/>nghi\u1ec7p trong vi\u1ec7c Mix &amp; Match c\u00e1c phong c\u00e1ch n\u1ed9i th\u1ea5t. \u1ee8ng d\u1ee5ng ki\u1ebfn tr\u00fac trong thi\u1ebft<br \/>k\u1ebf n\u1ed9i th\u1ea5t, c\u00e1c thi\u1ebft k\u1ebf c\u1ee7a TD&amp;Partners \u0111\u01b0\u1ee3c \u0111\u00e1nh gi\u00e1 cao \u1edf t\u00ednh \u0111\u01a1n gi\u1ea3n thanh l\u1ecbch<br \/>nh\u01b0ng v\u1eabn sang tr\u1ecdng tinh t\u1ebf \u0111\u1ea3m b\u1ea3o c\u00f4ng n\u0103ng s\u1eed d\u1ee5ng.<\/p>\n\t\t\n<style>\n#text-2622218023 {\n  text-align: center;\n}\n<\/style>\n\t<\/div>\n\t\n\t\t<\/div>\n\n\t\t\n<style>\n#section_55092398 {\n  padding-top: 30px;\n  padding-bottom: 30px;\n  margin-bottom: 10px;\n  background-color: rgb(255, 255, 255);\n}\n<\/style>\n\t<\/section>\n\t\n\n\t<section class=\"section css-col\" id=\"section_917768229\">\n\t\t<div class=\"section-bg fill\" >\n\t\t\t\t\t\t\t\t\t\n\t\t\t\n\n\t\t<\/div>\n\n\t\t\n\n\t\t<div class=\"section-content relative\">\n\t\t\t\n<div class=\"row align-middle\"  id=\"row-2043100457\">\n\n\t<div id=\"col-1478296670\" class=\"col medium-6 small-12 large-6\"  >\n\t\t\t\t<div class=\"col-inner\"  >\n\t\t\t\n\t\t\t\n\t<div class=\"img has-hover x md-x lg-x y md-y lg-y\" id=\"image_1731012631\">\n\t\t\t\t\t\t\t\t<div class=\"img-inner image-cover dark\" style=\"padding-top:115%;\">\n\t\t\t<img loading=\"lazy\" decoding=\"async\" width=\"1680\" height=\"2541\" src=\"https:\/\/theme.khogiaodienmau.net\/noithat23\/wp-content\/uploads\/2024\/05\/1620120626565Vivienda_Bachiller_Destudio-2.avif\" class=\"attachment-original size-original\" alt=\"C\u1ea2I T\u1ea0O C\u0102N H\u1ed8 TH\u1ee6 THI\u00caM SKY\" srcset=\"https:\/\/theme.khogiaodienmau.net\/noithat23\/wp-content\/uploads\/2024\/05\/1620120626565Vivienda_Bachiller_Destudio-2.avif 1680w, https:\/\/theme.khogiaodienmau.net\/noithat23\/wp-content\/uploads\/2024\/05\/1620120626565Vivienda_Bachiller_Destudio-2-529x800.avif 529w, https:\/\/theme.khogiaodienmau.net\/noithat23\/wp-content\/uploads\/2024\/05\/1620120626565Vivienda_Bachiller_Destudio-2-793x1200.avif 793w, https:\/\/theme.khogiaodienmau.net\/noithat23\/wp-content\/uploads\/2024\/05\/1620120626565Vivienda_Bachiller_Destudio-2-1200x1815.avif 1200w\" sizes=\"(max-width: 1680px) 100vw, 1680px\" \/>\t\t\t\t\t\t\n\t\t\t\t\t<\/div>\n\t\t\t\t\t\t\t\t\n<style>\n#image_1731012631 {\n  width: 80%;\n}\n<\/style>\n\t<\/div>\n\t\n\t\t<\/div>\n\t\t\t\t\t<\/div>\n\n\t\n\n\t<div id=\"col-977045290\" class=\"col medium-6 small-12 large-6\"  >\n\t\t\t\t<div class=\"col-inner\"  >\n\t\t\t\n\t\t\t\n<h2 class=\"title\">TD&amp;Partners<\/h2>\n<h3 class=\"sub-title\">Kh\u1eb3ng \u0111\u1ecbnh phong c\u00e1ch s\u1ed1ng<\/h3>\n<p class=\"desc\">TD&amp;Partners hy v\u1ecdng m\u1ed7i thi\u1ebft k\u1ebf ch\u00fang t\u00f4i l\u00e0m ra \u0111\u1ec1u ph\u1ea3n \u00e1nh \u0111\u01b0\u1ee3c phong c\u00e1ch ri\u00eang c\u1ee7a t\u1eebng gia ch\u1ee7. M\u1ed7i kh\u00f4ng gian trong c\u0103n h\u1ed9 \u0111\u1ec1u c\u00f3 th\u1ec3 truy\u1ec1n c\u1ea3m h\u1ee9ng v\u00e0 s\u1ef1 tr\u1ea3i nghi\u1ec7m m\u1edbi m\u1ebb \u0111\u1ebfn qu\u00fd kh\u00e1ch h\u00e0ng.<\/p>\n<p>TD&amp;Partners mong mu\u1ed1n c\u00f3 th\u1ec3 th\u00f4ng qua nh\u1eefng thi\u1ebft k\u1ebf \u0111\u1ec3 bi\u1ebfn ng\u00f4i nh\u00e0 m\u01a1 \u01b0\u1edbc trong t\u00e2m tr\u00ed kh\u00e1ch h\u00e0ng th\u00e0nh hi\u1ec7n th\u1ef1c, gi\u00fap qu\u00fd kh\u00e1ch h\u00e0ng n\u00e2ng t\u1ea7m kh\u00f4ng gian s\u1ed1ng hi\u1ec7n \u0111\u1ea1i, sang tr\u1ecdng v\u00e0 v\u00f4 c\u00f9ng tinh t\u1ebf. V\u00ec Nh\u00e0 l\u00e0 t\u1ed5ng h\u00e0nh dinh c\u1ee7a cu\u1ed9c \u0111\u1eddi m\u1ed7i ng\u01b0\u1eddi v\u00e0 &#8220;kh\u00f4ng c\u00f3 n\u01a1i \u0111\u00e2u b\u1eb1ng nh\u00e0 c\u1ee7a m\u00ecnh&#8221;.<\/p>\n\t\t<\/div>\n\t\t\t\t\t<\/div>\n\n\t\n<\/div>\n<div class=\"row align-middle\"  id=\"row-113314833\">\n\n\t<div id=\"col-1350739870\" class=\"col medium-6 small-12 large-6\"  >\n\t\t\t\t<div class=\"col-inner\"  >\n\t\t\t\n\t\t\t\n<h2 class=\"title\">TD&amp;Partners<\/h2>\n<h3 class=\"sub-title\">Kh\u1eb3ng \u0111\u1ecbnh phong c\u00e1ch s\u1ed1ng<\/h3>\n<p class=\"desc\">TD&amp;Partners hy v\u1ecdng m\u1ed7i thi\u1ebft k\u1ebf ch\u00fang t\u00f4i l\u00e0m ra \u0111\u1ec1u ph\u1ea3n \u00e1nh \u0111\u01b0\u1ee3c phong c\u00e1ch ri\u00eang c\u1ee7a t\u1eebng gia ch\u1ee7. M\u1ed7i kh\u00f4ng gian trong c\u0103n h\u1ed9 \u0111\u1ec1u c\u00f3 th\u1ec3 truy\u1ec1n c\u1ea3m h\u1ee9ng v\u00e0 s\u1ef1 tr\u1ea3i nghi\u1ec7m m\u1edbi m\u1ebb \u0111\u1ebfn qu\u00fd kh\u00e1ch h\u00e0ng.<\/p>\n<p>TD&amp;Partners mong mu\u1ed1n c\u00f3 th\u1ec3 th\u00f4ng qua nh\u1eefng thi\u1ebft k\u1ebf \u0111\u1ec3 bi\u1ebfn ng\u00f4i nh\u00e0 m\u01a1 \u01b0\u1edbc trong t\u00e2m tr\u00ed kh\u00e1ch h\u00e0ng th\u00e0nh hi\u1ec7n th\u1ef1c, gi\u00fap qu\u00fd kh\u00e1ch h\u00e0ng n\u00e2ng t\u1ea7m kh\u00f4ng gian s\u1ed1ng hi\u1ec7n \u0111\u1ea1i, sang tr\u1ecdng v\u00e0 v\u00f4 c\u00f9ng tinh t\u1ebf. V\u00ec Nh\u00e0 l\u00e0 t\u1ed5ng h\u00e0nh dinh c\u1ee7a cu\u1ed9c \u0111\u1eddi m\u1ed7i ng\u01b0\u1eddi v\u00e0 &#8220;kh\u00f4ng c\u00f3 n\u01a1i \u0111\u00e2u b\u1eb1ng nh\u00e0 c\u1ee7a m\u00ecnh&#8221;.<\/p>\n\t\t<\/div>\n\t\t\t\t\t<\/div>\n\n\t\n\n\t<div id=\"col-1998130620\" class=\"col medium-6 small-12 large-6\"  >\n\t\t\t\t<div class=\"col-inner\"  >\n\t\t\t\n\t\t\t\n\t<div class=\"img has-hover x md-x lg-x y md-y lg-y\" id=\"image_377349228\">\n\t\t\t\t\t\t\t\t<div class=\"img-inner image-cover dark\" style=\"padding-top:115%;\">\n\t\t\t\t\t\t\t\t\t\n\t\t\t\t\t<\/div>\n\t\t\t\t\t\t\t\t\n<style>\n#image_377349228 {\n  width: 80%;\n}\n<\/style>\n\t<\/div>\n\t\n\t\t<\/div>\n\t\t\t\t\t<\/div>\n\n\t\n<\/div>\n\t\t<\/div>\n\n\t\t\n<style>\n#section_917768229 {\n  padding-top: 30px;\n  padding-bottom: 30px;\n  margin-bottom: 10px;\n  background-color: rgb(255, 255, 255);\n}\n<\/style>\n\t<\/section>\n\t\n\n\t<section class=\"section\" id=\"section_1888407054\">\n\t\t<div class=\"section-bg fill\" >\n\t\t\t<img loading=\"lazy\" decoding=\"async\" width=\"902\" height=\"487\" src=\"https:\/\/theme.khogiaodienmau.net\/noithat23\/wp-content\/uploads\/2024\/05\/map.jpg\" class=\"bg attachment-original size-original\" alt=\"GI\u1edaI THI\u1ec6U\" \/>\t\t\t\t\t\t\n\t\t\t\n\n\t\t<\/div>\n\n\t\t\n\n\t\t<div class=\"section-content relative\">\n\t\t\t\n\t<div id=\"text-2826080968\" class=\"text\">\n\t\t\n<h2 class=\"mbr-section-title align-center mbr-fonts-style mbr-bold display-2\">V\u0103n h\u00f3a TD&amp;Partners<\/h2>\n<div id=\"gtx-trans\" style=\"position: absolute; left: 91px; top: -4.89062px;\">\n<div class=\"gtx-trans-icon\">\u00a0<\/div>\n<\/div>\n\t\t\n<style>\n#text-2826080968 {\n  text-align: center;\n}\n<\/style>\n\t<\/div>\n\t\n<div class=\"row row-small\"  id=\"row-765567314\">\n\n\t<div id=\"col-1678765877\" class=\"col medium-4 small-12 large-4\"  >\n\t\t\t\t<div class=\"col-inner text-center\"  >\n\t\t\t\n\t\t\t\n\n\t\t<div class=\"icon-box featured-box item-vanhoa icon-box-center text-center\"  >\n\t\t\t\t\t<div class=\"icon-box-img\" style=\"width: 80px\">\n\t\t\t\t<div class=\"icon\">\n\t\t\t\t\t<div class=\"icon-inner\" >\n\t\t\t\t\t\t<img loading=\"lazy\" decoding=\"async\" width=\"92\" height=\"63\" src=\"https:\/\/theme.khogiaodienmau.net\/noithat23\/wp-content\/uploads\/2024\/05\/icon1.png\" class=\"attachment-medium size-medium\" alt=\"GI\u1edaI THI\u1ec6U\" \/>\t\t\t\t\t<\/div>\n\t\t\t\t<\/div>\n\t\t\t<\/div>\n\t\t\t\t<div class=\"icon-box-text last-reset\">\n\t\t\t\t\t\t\t\t\t\n\t<div id=\"text-4195351366\" class=\"text\">\n\t\t\n<p>\u0110\u1eb7t tr\u1ecdn t\u00e2m huy\u1ebft v\u00e0o<br \/>d\u1ef1 \u00e1n c\u1ee7a kh\u00e1ch h\u00e0ng,<br \/>xem nh\u00e0 kh\u00e1ch h\u00e0ng <br \/>nh\u01b0 nh\u00e0 c\u1ee7a m\u00ecnh.<br \/>T\u01b0 v\u1ea5n v\u00e0 gi\u1ea3i \u0111\u00e1p th\u1eafc m\u1eafc <br \/>c\u1ee7a kh\u00e1ch h\u00e0ng nhanh ch\u00f3ng, <br \/>th\u00e2n thi\u1ec7n, chuy\u00ean nghi\u1ec7p.<\/p>\n\t\t\n<style>\n#text-4195351366 {\n  text-align: center;\n}\n<\/style>\n\t<\/div>\n\t\n\t\t<\/div>\n\t<\/div>\n\t\n\t\n\t\t<\/div>\n\t\t\t\t\t<\/div>\n\n\t\n\n\t<div id=\"col-1175206509\" class=\"col medium-4 small-12 large-4\"  >\n\t\t\t\t<div class=\"col-inner text-center\"  >\n\t\t\t\n\t\t\t\n\n\t\t<div class=\"icon-box featured-box item-vanhoa icon-box-center text-center\"  >\n\t\t\t\t\t<div class=\"icon-box-img\" style=\"width: 63px\">\n\t\t\t\t<div class=\"icon\">\n\t\t\t\t\t<div class=\"icon-inner\" >\n\t\t\t\t\t\t<img loading=\"lazy\" decoding=\"async\" width=\"76\" height=\"68\" src=\"https:\/\/theme.khogiaodienmau.net\/noithat23\/wp-content\/uploads\/2024\/05\/icon2.png\" class=\"attachment-medium size-medium\" alt=\"GI\u1edaI THI\u1ec6U\" \/>\t\t\t\t\t<\/div>\n\t\t\t\t<\/div>\n\t\t\t<\/div>\n\t\t\t\t<div class=\"icon-box-text last-reset\">\n\t\t\t\t\t\t\t\t\t\n\t<div id=\"text-798294905\" class=\"text\">\n\t\t\n<p>Minh b\u1ea1ch trong l\u1eddi n\u00f3i, h\u00e0nh \u0111\u1ed9ng.<br \/>Th\u1eb3ng th\u1eafn chia s\u1ebb, ch\u00e2n th\u00e0nh g\u00f3p \u00fd <br \/>d\u1ef1a tr\u00ean l\u1ee3i \u00edch chung.<\/p>\n\t\t\n<style>\n#text-798294905 {\n  text-align: center;\n}\n<\/style>\n\t<\/div>\n\t\n\t\t<\/div>\n\t<\/div>\n\t\n\t\n\t\t<\/div>\n\t\t\t\t\t<\/div>\n\n\t\n\n\t<div id=\"col-1525036807\" class=\"col medium-4 small-12 large-4\"  >\n\t\t\t\t<div class=\"col-inner text-center\"  >\n\t\t\t\n\t\t\t\n\n\t\t<div class=\"icon-box featured-box item-vanhoa icon-box-center text-center\"  >\n\t\t\t\t\t<div class=\"icon-box-img\" style=\"width: 40px\">\n\t\t\t\t<div class=\"icon\">\n\t\t\t\t\t<div class=\"icon-inner\" >\n\t\t\t\t\t\t<img loading=\"lazy\" decoding=\"async\" width=\"56\" height=\"81\" src=\"https:\/\/theme.khogiaodienmau.net\/noithat23\/wp-content\/uploads\/2024\/05\/icon3.png\" class=\"attachment-medium size-medium\" alt=\"GI\u1edaI THI\u1ec6U\" \/>\t\t\t\t\t<\/div>\n\t\t\t\t<\/div>\n\t\t\t<\/div>\n\t\t\t\t<div class=\"icon-box-text last-reset\">\n\t\t\t\t\t\t\t\t\t\n\t<div id=\"text-79204004\" class=\"text\">\n\t\t\n<p>T\u01b0 duy h\u1ecdc h\u1ecfi, trau d\u1ed3i, <br \/>c\u1ea3i thi\u1ec7n k\u1ef9 n\u0103ng chuy\u00ean m\u00f4n. <br \/>T\u00ecm hi\u1ec3u &amp; ch\u1ea5p nh\u1eadn th\u1eed th\u00e1ch,<br \/>s\u1eb5n s\u00e0ng th\u1eed s\u1ee9c <br \/>v\u1edbi nh\u1eefng \u0111i\u1ec1u m\u1edbi.<\/p>\n\t\t\n<style>\n#text-79204004 {\n  text-align: center;\n}\n<\/style>\n\t<\/div>\n\t\n\t\t<\/div>\n\t<\/div>\n\t\n\t\n\t\t<\/div>\n\t\t\t\t\t<\/div>\n\n\t\n\n<style>\n#row-765567314 > .col > .col-inner {\n  padding: 15px 0px 0px 0px;\n}\n<\/style>\n<\/div>\n\t\t<\/div>\n\n\t\t\n<style>\n#section_1888407054 {\n  padding-top: 30px;\n  padding-bottom: 30px;\n  margin-bottom: 10px;\n  background-color: rgb(255, 255, 255);\n}\n#section_1888407054 .section-bg img {\n  object-position: 89% 72%;\n}\n<\/style>\n\t<\/section>\n\t\n\n  <div class=\"banner has-hover\" id=\"banner-789088968\">\n          <div class=\"banner-inner fill\">\n        <div class=\"banner-bg fill\" >\n                                    <div class=\"overlay\"><\/div>            \n                    <\/div>\n\t\t\n        <div class=\"banner-layers container\">\n            <div class=\"fill banner-link\"><\/div>            \n   <div id=\"text-box-1863172702\" class=\"text-box banner-layer x50 md-x50 lg-x50 y50 md-y50 lg-y50 res-text\">\n                                <div class=\"text-box-content text dark\">\n              \n              <div class=\"text-inner text-center\">\n                  \n\t<div id=\"text-3458386134\" class=\"text\">\n\t\t\n<h3><strong>Trung th\u1ef1c &#8211; Uy t\u00edn l\u00e0 ti\u00eau ch\u00ed h\u00e0ng \u0111\u1ea7u m\u00e0 TD&amp;Partners \u0111\u00e3 v\u00e0 \u0111ang lu\u00f4n h\u01b0\u1edbng \u0111\u1ebfn<\/strong><\/h3>\n\t\t\n<style>\n#text-3458386134 {\n  font-size: 0.75rem;\n  text-align: center;\n}\n<\/style>\n\t<\/div>\n\t\n              <\/div>\n           <\/div>\n                            \n<style>\n#text-box-1863172702 {\n  width: 31%;\n}\n#text-box-1863172702 .text-box-content {\n  font-size: 100%;\n}\n<\/style>\n    <\/div>\n \n        <\/div>\n      <\/div>\n\n            \n<style>\n#banner-789088968 {\n  padding-top: 36%;\n}\n#banner-789088968 .overlay {\n  background-color: rgba(0, 0, 0, 0.61);\n}\n<\/style>\n  <\/div>\n\n\n\n\t<section class=\"section\" id=\"section_2032595496\">\n\t\t<div class=\"section-bg fill\" >\n\t\t\t\t\t\t\t\t\t\n\t\t\t\n\n\t\t<\/div>\n\n\t\t\n\n\t\t<div class=\"section-content relative\">\n\t\t\t\n<div class=\"row row-small align-middle\"  id=\"row-1843591007\">\n\n\t<div id=\"col-609075561\" class=\"col medium-6 small-12 large-6\"  >\n\t\t\t\t<div class=\"col-inner text-center\"  >\n\t\t\t\n\t\t\t\n\t<div class=\"img has-hover x md-x lg-x y md-y lg-y\" id=\"image_1398747824\">\n\t\t\t\t\t\t\t\t<div class=\"img-inner image-cover dark\" style=\"padding-top:100%;\">\n\t\t\t<img loading=\"lazy\" decoding=\"async\" width=\"1536\" height=\"1536\" src=\"https:\/\/theme.khogiaodienmau.net\/noithat23\/wp-content\/uploads\/2024\/05\/51132759_2486439858094425_9187563893780643840_n.jpg\" class=\"attachment-original size-original\" alt=\"GI\u1edaI THI\u1ec6U\" srcset=\"https:\/\/theme.khogiaodienmau.net\/noithat23\/wp-content\/uploads\/2024\/05\/51132759_2486439858094425_9187563893780643840_n.jpg 1536w, https:\/\/theme.khogiaodienmau.net\/noithat23\/wp-content\/uploads\/2024\/05\/51132759_2486439858094425_9187563893780643840_n-800x800.jpg 800w, https:\/\/theme.khogiaodienmau.net\/noithat23\/wp-content\/uploads\/2024\/05\/51132759_2486439858094425_9187563893780643840_n-1200x1200.jpg 1200w, https:\/\/theme.khogiaodienmau.net\/noithat23\/wp-content\/uploads\/2024\/05\/51132759_2486439858094425_9187563893780643840_n-300x300.jpg 300w, https:\/\/theme.khogiaodienmau.net\/noithat23\/wp-content\/uploads\/2024\/05\/51132759_2486439858094425_9187563893780643840_n-100x100.jpg 100w\" sizes=\"(max-width: 1536px) 100vw, 1536px\" \/>\t\t\t\t\t\t\n\t\t\t\t\t<\/div>\n\t\t\t\t\t\t\t\t\n<style>\n#image_1398747824 {\n  width: 100%;\n}\n<\/style>\n\t<\/div>\n\t\n\t\t<\/div>\n\t\t\t\t\t<\/div>\n\n\t\n\n\t<div id=\"col-361366276\" class=\"col medium-6 small-12 large-6\"  >\n\t\t\t\t<div class=\"col-inner text-center\"  >\n\t\t\t\n\t\t\t\n\t<div id=\"text-1454876029\" class=\"text\">\n\t\t\n<h2 style=\"text-align: left;\">CEO. T\u01b0\u1edfng D\u01b0\u01a1ng<\/h2>\n<h3>Founder | Architect Interior Design<\/h3>\n<p><strong>2000-2010 :<\/strong> Theo h\u1ecdc t\u1ea1i Trung t\u00e2m V\u0103n h\u00f3a Vi\u1ec7t \u0110\u1ee9c &amp; \u0111\u1ea1t nhi\u1ec1u gi\u1ea3i th\u01b0\u1edfng t\u1ea1i c\u00e1c cu\u1ed9c thi v\u1ebd tranh\u00a0<\/p>\n<p><strong>2010-2014:<\/strong> Sinh vi\u00ean t\u1ea1i tr\u01b0\u1eddng \u0110\u1ea1i h\u1ecdc Ki\u1ebfn Tr\u00fac H\u00e0 N\u1ed9i<\/p>\n<p><strong>2012-2022: <\/strong>L\u00e0m vi\u1ec7c t\u1ea1i c\u00f4ng ty thi\u1ebft k\u1ebf \u1edf Vi\u1ec7t Nam &amp; Singapore<\/p>\n<p><strong>2023:<\/strong> Th\u00e0nh l\u1eadp c\u00f4ng ty TNHH TD&amp;Partners<\/p>\n\t\t\n<style>\n#text-1454876029 {\n  text-align: left;\n}\n<\/style>\n\t<\/div>\n\t\n\n\t\t<div class=\"icon-box featured-box icon-box-left text-left\"  >\n\t\t\t\t<div class=\"icon-box-text last-reset\">\n\t\t\t\t\t\t\t\t\t\n\t\t<\/div>\n\t<\/div>\n\t\n\t\n\t<div id=\"gap-1353554381\" class=\"gap-element clearfix\" style=\"display:block; height:auto;\">\n\t\t\n<style>\n#gap-1353554381 {\n  padding-top: 30px;\n}\n<\/style>\n\t<\/div>\n\t\n\n\t\t<div class=\"icon-box featured-box icon-box-left text-left\"  >\n\t\t\t\t<div class=\"icon-box-text last-reset\">\n\t\t\t\t\t\t\t\t\t\n\t\t<\/div>\n\t<\/div>\n\t\n\t\n\t\t<\/div>\n\t\t\t\t\t<\/div>\n\n\t\n\n<style>\n#row-1843591007 > .col > .col-inner {\n  padding: 15px 0px 0px 0px;\n}\n<\/style>\n<\/div>\n\t\t<\/div>\n\n\t\t\n<style>\n#section_2032595496 {\n  padding-top: 30px;\n  padding-bottom: 30px;\n  margin-bottom: 10px;\n  background-color: rgb(255, 255, 255);\n}\n<\/style>\n\t<\/section>\n\t\n\n\t<section class=\"section\" id=\"section_1482894817\">\n\t\t<div class=\"section-bg fill\" >\n\t\t\t\t\t\t\t\t\t\n\t\t\t\n\n\t\t<\/div>\n\n\t\t\n\n\t\t<div class=\"section-content relative\">\n\t\t\t\n<div class=\"row row-collapse align-middle align-center\"  id=\"row-915053383\">\n\n\t<div id=\"col-865848962\" class=\"col medium-5 small-12 large-5\"  >\n\t\t\t\t<div class=\"col-inner\"  >\n\t\t\t\n\t\t\t\n<h2 class=\"title\">Lu\u00f4n h\u1ecdc t\u1eadp<br \/>v\u00e0 s\u00e1ng t\u1ea1o<\/h2>\n<p class=\"desc\">Ni\u1ec1m \u0111am m\u00ea v\u00e0 tinh th\u1ea7n h\u1ecdc h\u1ecfi, s\u1eb5n s\u00e0ng c\u1eadp nh\u1eadt xu h\u01b0\u1edbng m\u1edbi \u0111\u1ec3 \u0111\u01b0a \u0111\u1ebfn cho qu\u00fd kh\u00e1ch h\u00e0ng nh\u1eefng s\u1ea3n ph\u1ea9m s\u00e1ng t\u1ea1o, \u0111\u1ed9c \u0111\u00e1o v\u00e0 \u1ea5n t\u01b0\u1ee3ng nh\u1ea5t<\/p>\n\t\t<\/div>\n\t\t\t\t\t<\/div>\n\n\t\n\n\t<div id=\"col-1329093680\" class=\"col medium-7 small-12 large-7\"  >\n\t\t\t\t<div class=\"col-inner\"  >\n\t\t\t\n\t\t\t\n\t<div class=\"img has-hover x md-x lg-x y md-y lg-y\" id=\"image_1491162876\">\n\t\t\t\t\t\t\t\t<div class=\"img-inner dark\" >\n\t\t\t<img loading=\"lazy\" decoding=\"async\" width=\"709\" height=\"677\" src=\"https:\/\/theme.khogiaodienmau.net\/noithat23\/wp-content\/uploads\/2024\/05\/hoc-tap.jpg\" class=\"attachment-large size-large\" alt=\"GI\u1edaI THI\u1ec6U\" \/>\t\t\t\t\t\t\n\t\t\t\t\t<\/div>\n\t\t\t\t\t\t\t\t\n<style>\n#image_1491162876 {\n  width: 100%;\n}\n<\/style>\n\t<\/div>\n\t\n\t\t<\/div>\n\t\t\t\t\t<\/div>\n\n\t\n<\/div>\n<div class=\"row row-collapse align-middle align-center\"  id=\"row-1844577117\">\n\n\t<div id=\"col-809517330\" class=\"col medium-7 small-12 large-7\"  >\n\t\t\t\t<div class=\"col-inner\"  >\n\t\t\t\n\t\t\t\n\t<div class=\"img has-hover x md-x lg-x y md-y lg-y\" id=\"image_1092635006\">\n\t\t\t\t\t\t\t\t<div class=\"img-inner dark\" >\n\t\t\t<img loading=\"lazy\" decoding=\"async\" width=\"556\" height=\"727\" src=\"https:\/\/theme.khogiaodienmau.net\/noithat23\/wp-content\/uploads\/2024\/05\/het-minh.jpg\" class=\"attachment-original size-original\" alt=\"GI\u1edaI THI\u1ec6U\" \/>\t\t\t\t\t\t\n\t\t\t\t\t<\/div>\n\t\t\t\t\t\t\t\t\n<style>\n#image_1092635006 {\n  width: 70%;\n}\n<\/style>\n\t<\/div>\n\t\n\t\t<\/div>\n\t\t\t\t\t<\/div>\n\n\t\n\n\t<div id=\"col-330782757\" class=\"col medium-5 small-12 large-5\"  >\n\t\t\t\t<div class=\"col-inner\"  >\n\t\t\t\n\t\t\t\n<h2 class=\"title\">Lu\u00f4n h\u1ebft m\u00ecnh<\/h2>\n<p class=\"desc\">L\u00e0m vi\u1ec7c b\u1eb1ng c\u1ea3 s\u1ef1 nhi\u1ec7t huy\u1ebft, t\u1ec9<br \/>m\u1ec9 v\u00e0 lu\u00f4n c\u1ea7u to\u00e0n ch\u1ec9nh chu \u0111\u1ebfn<br \/>t\u1eebng chi ti\u1ebft<\/p>\n\t\t<\/div>\n\t\t\t\t\t<\/div>\n\n\t\n<\/div>\n<div class=\"row row-collapse align-middle align-center\"  id=\"row-1017312247\">\n\n\t<div id=\"col-854141706\" class=\"col medium-5 small-12 large-5\"  >\n\t\t\t\t<div class=\"col-inner\"  >\n\t\t\t\n\t\t\t\n<h2 class=\"title\">Lu\u00f4n \u0111\u1ed3ng h\u00e0nh<\/h2>\n<p class=\"desc\">T\u1eadn t\u00e2m s\u1eb5n s\u00e0ng \u0111\u1ed3ng h\u00e0nh c\u00f9ng qu\u00fd kh\u00e1ch h\u00e0ng trong su\u1ed1t ti\u1ebfn tr\u00ecnh h\u1ee3p t\u00e1c v\u1edbi mong mu\u1ed1n c\u00f3 th\u1ec3 \u0111em l\u1ea1i nh\u1eefng tr\u1ea3i nghi\u1ec7m tuy\u1ec7t v\u1eddi v\u00e0 s\u1ef1 h\u00e0i l\u00f2ng tuy\u1ec7t \u0111\u1ed1i v\u1ec1 s\u1ea3n ph\u1ea9m d\u1ecbch v\u1ee5 t\u1ea1i Housdesign cho h\u00e1ch h\u00e0ng c\u1ee7a m\u00ecnh<\/p>\n\t\t<\/div>\n\t\t\t\t\t<\/div>\n\n\t\n<\/div>\n\t\t<\/div>\n\n\t\t\n<style>\n#section_1482894817 {\n  padding-top: 30px;\n  padding-bottom: 30px;\n  margin-bottom: 10px;\n  background-color: rgb(255, 255, 255);\n}\n<\/style>\n\t<\/section>\n\t\n","protected":false},"excerpt":{"rendered":"","protected":false},"author":1,"featured_media":0,"parent":0,"menu_order":0,"comment_status":"closed","ping_status":"closed","template":"page-transparent-header-light.php","meta":{"_acf_changed":false,"rank_math_lock_modified_date":false,"footnotes":""},"class_list":["post-1572","page","type-page","status-publish","hentry"],"acf":[],"_links":{"self":[{"href":"https:\/\/theme.khogiaodienmau.net\/noithat23\/wp-json\/wp\/v2\/pages\/1572"}],"collection":[{"href":"https:\/\/theme.khogiaodienmau.net\/noithat23\/wp-json\/wp\/v2\/pages"}],"about":[{"href":"https:\/\/theme.khogiaodienmau.net\/noithat23\/wp-json\/wp\/v2\/types\/page"}],"author":[{"embeddable":true,"href":"https:\/\/theme.khogiaodienmau.net\/noithat23\/wp-json\/wp\/v2\/users\/1"}],"replies":[{"embeddable":true,"href":"https:\/\/theme.khogiaodienmau.net\/noithat23\/wp-json\/wp\/v2\/comments?post=1572"}],"version-history":[{"count":13,"href":"https:\/\/theme.khogiaodienmau.net\/noithat23\/wp-json\/wp\/v2\/pages\/1572\/revisions"}],"predecessor-version":[{"id":1612,"href":"https:\/\/theme.khogiaodienmau.net\/noithat23\/wp-json\/wp\/v2\/pages\/1572\/revisions\/1612"}],"wp:attachment":[{"href":"https:\/\/theme.khogiaodienmau.net\/noithat23\/wp-json\/wp\/v2\/media?parent=1572"}],"curies":[{"name":"wp","href":"https:\/\/api.w.org\/{rel}","templated":true}]}}